{"id":2,"date":"2023-04-28T09:28:30","date_gmt":"2023-04-28T09:28:30","guid":{"rendered":"https:\/\/www.thewhiterabbitdigital.com\/?page_id=2"},"modified":"2023-07-11T15:48:20","modified_gmt":"2023-07-11T15:48:20","slug":"contact-us","status":"publish","type":"page","link":"https:\/\/www.thewhiterabbitdigital.com\/en\/contact-us\/","title":{"rendered":"Contact Us"},"content":{"rendered":"<div data-elementor-type=\"wp-page\" data-elementor-id=\"2\" class=\"elementor elementor-2\">\n\t\t\t\t\t\t<section class=\"elementor-section elementor-top-section elementor-element elementor-element-574114ae elementor-section-content-middle elementor-section-boxed elementor-section-height-default elementor-section-height-default\" data-id=\"574114ae\" data-element_type=\"section\">\n\t\t\t\t\t\t<div class=\"elementor-container elementor-column-gap-no\">\n\t\t\t\t\t<div class=\"elementor-column elementor-col-50 elementor-top-column elementor-element elementor-element-47908671\" data-id=\"47908671\" data-element_type=\"column\">\n\t\t\t<div class=\"elementor-widget-wrap elementor-element-populated\">\n\t\t\t\t\t\t<div class=\"elementor-element elementor-element-5f61d966 elementor-widget elementor-widget-heading\" data-id=\"5f61d966\" data-element_type=\"widget\" data-widget_type=\"heading.default\">\n\t\t\t\t<div class=\"elementor-widget-container\">\n\t\t\t<h5 class=\"elementor-heading-title elementor-size-default\">Contact<\/h5>\t\t<\/div>\n\t\t\t\t<\/div>\n\t\t\t\t<div class=\"elementor-element elementor-element-10ff5173 elementor-widget elementor-widget-heading\" data-id=\"10ff5173\" data-element_type=\"widget\" data-widget_type=\"heading.default\">\n\t\t\t\t<div class=\"elementor-widget-container\">\n\t\t\t<h4 class=\"elementor-heading-title elementor-size-default\">We are one e-mail away<\/h4>\t\t<\/div>\n\t\t\t\t<\/div>\n\t\t\t\t<div class=\"elementor-element elementor-element-16e0551 elementor-widget elementor-widget-text-editor\" data-id=\"16e0551\" data-element_type=\"widget\" data-widget_type=\"text-editor.default\">\n\t\t\t\t<div class=\"elementor-widget-container\">\n\t\t\t\t\t\t\t<p>Contact us, and together we can develop a customized digital plan to pave the path for your business growth.<\/p>\t\t\t\t\t\t<\/div>\n\t\t\t\t<\/div>\n\t\t\t\t<div class=\"elementor-element elementor-element-6066657c elementor-widget elementor-widget-heading\" data-id=\"6066657c\" data-element_type=\"widget\" data-widget_type=\"heading.default\">\n\t\t\t\t<div class=\"elementor-widget-container\">\n\t\t\t<h4 class=\"elementor-heading-title elementor-size-default\">follow@thewhiterabbitdigital.com<\/h4>\t\t<\/div>\n\t\t\t\t<\/div>\n\t\t\t\t<div class=\"elementor-element elementor-element-dd0a444 elementor-widget elementor-widget-text-editor\" data-id=\"dd0a444\" data-element_type=\"widget\" data-widget_type=\"text-editor.default\">\n\t\t\t\t<div class=\"elementor-widget-container\">\n\t\t\t\t\t\t\t<p>284 CHASE ROAD A BLOCK UNIT 237 2ND FLOOR<br \/>LONDON UNITED KINGDOM N14 6HF<\/p>\t\t\t\t\t\t<\/div>\n\t\t\t\t<\/div>\n\t\t\t\t<div class=\"elementor-element elementor-element-587dfb5 elementor-shape-square e-grid-align-left e-grid-align-mobile-center elementor-grid-0 elementor-widget elementor-widget-social-icons\" data-id=\"587dfb5\" data-element_type=\"widget\" data-widget_type=\"social-icons.default\">\n\t\t\t\t<div class=\"elementor-widget-container\">\n\t\t\t\t\t<div class=\"elementor-social-icons-wrapper elementor-grid\">\n\t\t\t\t\t\t\t<span class=\"elementor-grid-item\">\n\t\t\t\t\t<a class=\"elementor-icon elementor-social-icon elementor-social-icon-instagram elementor-animation-grow elementor-repeater-item-7bcbd9e\" href=\"https:\/\/www.instagram.com\/thewhiterabbitdigital\/\" target=\"_blank\">\n\t\t\t\t\t\t<span class=\"elementor-screen-only\">Instagram<\/span>\n\t\t\t\t\t\t<i class=\"fab fa-instagram\"><\/i>\t\t\t\t\t<\/a>\n\t\t\t\t<\/span>\n\t\t\t\t\t\t\t<span class=\"elementor-grid-item\">\n\t\t\t\t\t<a class=\"elementor-icon elementor-social-icon elementor-social-icon-linkedin elementor-animation-grow elementor-repeater-item-31673c9\" href=\"https:\/\/www.linkedin.com\/company\/the-white-rabbit-digital\/\" target=\"_blank\">\n\t\t\t\t\t\t<span class=\"elementor-screen-only\">Linkedin<\/span>\n\t\t\t\t\t\t<i class=\"fab fa-linkedin\"><\/i>\t\t\t\t\t<\/a>\n\t\t\t\t<\/span>\n\t\t\t\t\t<\/div>\n\t\t\t\t<\/div>\n\t\t\t\t<\/div>\n\t\t\t\t\t<\/div>\n\t\t<\/div>\n\t\t\t\t<div class=\"elementor-column elementor-col-50 elementor-top-column elementor-element elementor-element-ce0e05b\" data-id=\"ce0e05b\" data-element_type=\"column\">\n\t\t\t<div class=\"elementor-widget-wrap elementor-element-populated\">\n\t\t\t\t\t\t<div class=\"elementor-element elementor-element-5f7004f elementor-widget elementor-widget-html\" data-id=\"5f7004f\" data-element_type=\"widget\" data-widget_type=\"html.default\">\n\t\t\t\t<div class=\"elementor-widget-container\">\n\t\t\t<iframe src=\"https:\/\/www.google.com\/maps\/embed?pb=!1m14!1m8!1m3!1d9905.746666950428!2d-0.126711!3d51.6335277!3m2!1i1024!2i768!4f13.1!3m3!1m2!1s0x487619bdaf278ccf%3A0xcd171f89cbe5acfc!2sThe%20White%20Rabbit%20Digital!5e0!3m2!1sen!2sus!4v1685709654636!5m2!1sen!2sus\" width=\"600\" height=\"450\" style=\"border:0;\" allowfullscreen=\"\" loading=\"lazy\" referrerpolicy=\"no-referrer-when-downgrade\"><\/iframe>\t\t<\/div>\n\t\t\t\t<\/div>\n\t\t\t\t\t<\/div>\n\t\t<\/div>\n\t\t\t\t\t<\/div>\n\t\t<\/section>\n\t\t\t\t<\/div>","protected":false},"excerpt":{"rendered":"<p>\u0130leti\u015fim Size bir &#8220;t\u0131k&#8221; kadar yak\u0131n\u0131z&#8230; Bize ula\u015f\u0131n, i\u015finizi \u00fccretsiz olarak analiz edip markan\u0131za \u00f6zel dijital stratejiler geli\u015ftirelim. follow@thewhiterabbitdigital.com 284 CHASE ROAD A BLOCK UNIT&hellip;<\/p>","protected":false},"author":1,"featured_media":0,"parent":0,"menu_order":0,"comment_status":"closed","ping_status":"closed","template":"","meta":{"footnotes":""},"class_list":["post-2","page","type-page","status-publish","hentry"],"yoast_head":"<!-- This site is optimized with the Yoast SEO plugin v23.4 - https:\/\/yoast.com\/wordpress\/plugins\/seo\/ -->\n<title>Contact Us - The White Rabbit Digital<\/title>\n<meta name=\"robots\" content=\"index, follow, max-snippet:-1, max-image-preview:large, max-video-preview:-1\" \/>\n<link rel=\"canonical\" href=\"https:\/\/www.thewhiterabbitdigital.com\/en\/contact-us\/\" \/>\n<meta property=\"og:locale\" content=\"en_US\" \/>\n<meta property=\"og:type\" content=\"article\" \/>\n<meta property=\"og:title\" content=\"Contact Us - The White Rabbit Digital\" \/>\n<meta property=\"og:description\" content=\"\u0130leti\u015fim Size bir &#8220;t\u0131k&#8221; kadar yak\u0131n\u0131z&#8230; Bize ula\u015f\u0131n, i\u015finizi \u00fccretsiz olarak analiz edip markan\u0131za \u00f6zel dijital stratejiler geli\u015ftirelim. follow@thewhiterabbitdigital.com 284 CHASE ROAD A BLOCK UNIT&hellip;\" \/>\n<meta property=\"og:url\" content=\"https:\/\/www.thewhiterabbitdigital.com\/en\/contact-us\/\" \/>\n<meta property=\"og:site_name\" content=\"The White Rabbit Digital\" \/>\n<meta property=\"article:modified_time\" content=\"2023-07-11T15:48:20+00:00\" \/>\n<meta name=\"twitter:card\" content=\"summary_large_image\" \/>\n<meta name=\"twitter:label1\" content=\"Est. reading time\" \/>\n\t<meta name=\"twitter:data1\" content=\"1 minute\" \/>\n<script type=\"application\/ld+json\" class=\"yoast-schema-graph\">{\"@context\":\"https:\/\/schema.org\",\"@graph\":[{\"@type\":\"WebPage\",\"@id\":\"https:\/\/www.thewhiterabbitdigital.com\/contact-us\/\",\"url\":\"https:\/\/www.thewhiterabbitdigital.com\/contact-us\/\",\"name\":\"Contact Us - The White Rabbit Digital\",\"isPartOf\":{\"@id\":\"https:\/\/www.thewhiterabbitdigital.com\/#website\"},\"datePublished\":\"2023-04-28T09:28:30+00:00\",\"dateModified\":\"2023-07-11T15:48:20+00:00\",\"breadcrumb\":{\"@id\":\"https:\/\/www.thewhiterabbitdigital.com\/contact-us\/#breadcrumb\"},\"inLanguage\":\"en-US\",\"potentialAction\":[{\"@type\":\"ReadAction\",\"target\":[\"https:\/\/www.thewhiterabbitdigital.com\/contact-us\/\"]}]},{\"@type\":\"BreadcrumbList\",\"@id\":\"https:\/\/www.thewhiterabbitdigital.com\/contact-us\/#breadcrumb\",\"itemListElement\":[{\"@type\":\"ListItem\",\"position\":1,\"name\":\"Home\",\"item\":\"https:\/\/www.thewhiterabbitdigital.com\/\"},{\"@type\":\"ListItem\",\"position\":2,\"name\":\"Contact Us\"}]},{\"@type\":\"WebSite\",\"@id\":\"https:\/\/www.thewhiterabbitdigital.com\/#website\",\"url\":\"https:\/\/www.thewhiterabbitdigital.com\/\",\"name\":\"The White Rabbit Digital\",\"description\":\"\",\"publisher\":{\"@id\":\"https:\/\/www.thewhiterabbitdigital.com\/#organization\"},\"potentialAction\":[{\"@type\":\"SearchAction\",\"target\":{\"@type\":\"EntryPoint\",\"urlTemplate\":\"https:\/\/www.thewhiterabbitdigital.com\/?s={search_term_string}\"},\"query-input\":{\"@type\":\"PropertyValueSpecification\",\"valueRequired\":true,\"valueName\":\"search_term_string\"}}],\"inLanguage\":\"en-US\"},{\"@type\":\"Organization\",\"@id\":\"https:\/\/www.thewhiterabbitdigital.com\/#organization\",\"name\":\"The White Rabbit Digital\",\"url\":\"https:\/\/www.thewhiterabbitdigital.com\/\",\"logo\":{\"@type\":\"ImageObject\",\"inLanguage\":\"en-US\",\"@id\":\"https:\/\/www.thewhiterabbitdigital.com\/#\/schema\/logo\/image\/\",\"url\":\"https:\/\/www.thewhiterabbitdigital.com\/wp-content\/uploads\/2023\/05\/TWR-Logo-Black.png\",\"contentUrl\":\"https:\/\/www.thewhiterabbitdigital.com\/wp-content\/uploads\/2023\/05\/TWR-Logo-Black.png\",\"width\":493,\"height\":235,\"caption\":\"The White Rabbit Digital\"},\"image\":{\"@id\":\"https:\/\/www.thewhiterabbitdigital.com\/#\/schema\/logo\/image\/\"}}]}<\/script>\n<!-- \/ Yoast SEO plugin. -->","yoast_head_json":{"title":"Contact Us - The White Rabbit Digital","robots":{"index":"index","follow":"follow","max-snippet":"max-snippet:-1","max-image-preview":"max-image-preview:large","max-video-preview":"max-video-preview:-1"},"canonical":"https:\/\/www.thewhiterabbitdigital.com\/en\/contact-us\/","og_locale":"en_US","og_type":"article","og_title":"Contact Us - The White Rabbit Digital","og_description":"\u0130leti\u015fim Size bir &#8220;t\u0131k&#8221; kadar yak\u0131n\u0131z&#8230; Bize ula\u015f\u0131n, i\u015finizi \u00fccretsiz olarak analiz edip markan\u0131za \u00f6zel dijital stratejiler geli\u015ftirelim. follow@thewhiterabbitdigital.com 284 CHASE ROAD A BLOCK UNIT&hellip;","og_url":"https:\/\/www.thewhiterabbitdigital.com\/en\/contact-us\/","og_site_name":"The White Rabbit Digital","article_modified_time":"2023-07-11T15:48:20+00:00","twitter_card":"summary_large_image","twitter_misc":{"Est. reading time":"1 minute"},"schema":{"@context":"https:\/\/schema.org","@graph":[{"@type":"WebPage","@id":"https:\/\/www.thewhiterabbitdigital.com\/contact-us\/","url":"https:\/\/www.thewhiterabbitdigital.com\/contact-us\/","name":"Contact Us - The White Rabbit Digital","isPartOf":{"@id":"https:\/\/www.thewhiterabbitdigital.com\/#website"},"datePublished":"2023-04-28T09:28:30+00:00","dateModified":"2023-07-11T15:48:20+00:00","breadcrumb":{"@id":"https:\/\/www.thewhiterabbitdigital.com\/contact-us\/#breadcrumb"},"inLanguage":"en-US","potentialAction":[{"@type":"ReadAction","target":["https:\/\/www.thewhiterabbitdigital.com\/contact-us\/"]}]},{"@type":"BreadcrumbList","@id":"https:\/\/www.thewhiterabbitdigital.com\/contact-us\/#breadcrumb","itemListElement":[{"@type":"ListItem","position":1,"name":"Home","item":"https:\/\/www.thewhiterabbitdigital.com\/"},{"@type":"ListItem","position":2,"name":"Contact Us"}]},{"@type":"WebSite","@id":"https:\/\/www.thewhiterabbitdigital.com\/#website","url":"https:\/\/www.thewhiterabbitdigital.com\/","name":"The White Rabbit Digital","description":"","publisher":{"@id":"https:\/\/www.thewhiterabbitdigital.com\/#organization"},"potentialAction":[{"@type":"SearchAction","target":{"@type":"EntryPoint","urlTemplate":"https:\/\/www.thewhiterabbitdigital.com\/?s={search_term_string}"},"query-input":{"@type":"PropertyValueSpecification","valueRequired":true,"valueName":"search_term_string"}}],"inLanguage":"en-US"},{"@type":"Organization","@id":"https:\/\/www.thewhiterabbitdigital.com\/#organization","name":"The White Rabbit Digital","url":"https:\/\/www.thewhiterabbitdigital.com\/","logo":{"@type":"ImageObject","inLanguage":"en-US","@id":"https:\/\/www.thewhiterabbitdigital.com\/#\/schema\/logo\/image\/","url":"https:\/\/www.thewhiterabbitdigital.com\/wp-content\/uploads\/2023\/05\/TWR-Logo-Black.png","contentUrl":"https:\/\/www.thewhiterabbitdigital.com\/wp-content\/uploads\/2023\/05\/TWR-Logo-Black.png","width":493,"height":235,"caption":"The White Rabbit Digital"},"image":{"@id":"https:\/\/www.thewhiterabbitdigital.com\/#\/schema\/logo\/image\/"}}]}},"_links":{"self":[{"href":"https:\/\/www.thewhiterabbitdigital.com\/en\/wp-json\/wp\/v2\/pages\/2","targetHints":{"allow":["GET"]}}],"collection":[{"href":"https:\/\/www.thewhiterabbitdigital.com\/en\/wp-json\/wp\/v2\/pages"}],"about":[{"href":"https:\/\/www.thewhiterabbitdigital.com\/en\/wp-json\/wp\/v2\/types\/page"}],"author":[{"embeddable":true,"href":"https:\/\/www.thewhiterabbitdigital.com\/en\/wp-json\/wp\/v2\/users\/1"}],"replies":[{"embeddable":true,"href":"https:\/\/www.thewhiterabbitdigital.com\/en\/wp-json\/wp\/v2\/comments?post=2"}],"version-history":[{"count":38,"href":"https:\/\/www.thewhiterabbitdigital.com\/en\/wp-json\/wp\/v2\/pages\/2\/revisions"}],"predecessor-version":[{"id":1909,"href":"https:\/\/www.thewhiterabbitdigital.com\/en\/wp-json\/wp\/v2\/pages\/2\/revisions\/1909"}],"wp:attachment":[{"href":"https:\/\/www.thewhiterabbitdigital.com\/en\/wp-json\/wp\/v2\/media?parent=2"}],"curies":[{"name":"wp","href":"https:\/\/api.w.org\/{rel}","templated":true}]}}